{"id":78,"date":"2020-01-02T13:12:57","date_gmt":"2020-01-02T13:12:57","guid":{"rendered":"http:\/\/to-ayurveda.ch\/fr\/?page_id=78"},"modified":"2020-03-05T11:58:31","modified_gmt":"2020-03-05T11:58:31","slug":"berufsverbaende-und-schulen-die-saeulen-der-to-ayurveda-ch","status":"publish","type":"page","link":"https:\/\/to-ayurveda.ch\/fr\/berufsverbaende-und-schulen-die-saeulen-der-to-ayurveda-ch\/","title":{"rendered":"Associations professionnelles et \u00e9coles \u2013 Les piliers de l\u2019OF Ayurv\u00e9da CH"},"content":{"rendered":"\n<p> Ce sont les repr\u00e9sentants de deux associations professionnelles et de deux \u00e9coles qui ont sign\u00e9 la d\u00e9claration d&rsquo;intention de fonder l&rsquo;Organisation faiti\u00e8re Ayurv\u00e9da Suisse \u00e0 Berne le 9 mars 2016.<\/p>\n\n\n\n<figure class=\"wp-block-image size-large\"><img loading=\"lazy\" decoding=\"async\" width=\"565\" height=\"383\" src=\"https:\/\/to-ayurveda.ch\/fr\/wp-content\/uploads\/sites\/3\/2020\/01\/gruendungsmitglieder.jpg\" alt=\"\" class=\"wp-image-79\" srcset=\"https:\/\/to-ayurveda.ch\/fr\/wp-content\/uploads\/sites\/3\/2020\/01\/gruendungsmitglieder.jpg 565w, https:\/\/to-ayurveda.ch\/fr\/wp-content\/uploads\/sites\/3\/2020\/01\/gruendungsmitglieder-300x203.jpg 300w\" sizes=\"auto, (max-width: 565px) 100vw, 565px\" \/><figcaption>de g.\u00e0.d: Jean-Pierre Bigler, Sabine Anliker, Mark Rosenberg, Oliver Werner, Elango Eramba, Franz Rutz, Anica Schmid, Hans Rhyner, Simone Hunziker, Andreas Amacher<\/figcaption><\/figure>\n\n\n\n<p>La\nr\u00e9union de la fondation a eu lieu le 16 mai 2017 \u00e0 Berne<\/p>\n\n\n\n<p>Les d\u00e9l\u00e9gu\u00e9s des associations et \u00e9coles suivantes ont\nsign\u00e9 les statuts de l\u2019Of Ayurv\u00e9da CH officiellement fond\u00e9e :<\/p>\n\n\n\n<p><strong>Association Suisse des Praticiens en M\u00e9decine &amp; -Th\u00e9rapie\nAyurv\u00e9dique <\/strong>ASMTA,\n3000 Berne, repr\u00e9sent\u00e9 par son pr\u00e9sident Franz Rutz <\/p>\n\n\n\n<p><strong>Association Suisse de l\u2019AyurV\u00e9da Maharishi <\/strong>ASAVM, Dorfstrasse, 6377 Seelisberg, repr\u00e9sent\u00e9 par\nson pr\u00e9sident le Dr. m\u00e9d. Oliver Werner <\/p>\n\n\n\n<p><strong>Rosenberg Europ\u00e4ische Akademie f\u00fcr Ayurveda <\/strong>REAA Z\u00fcrich, repr\u00e9sent\u00e9 par son pr\u00e9sident Mark Rosenberg en coop\u00e9ration avec l\u2019Heilpraktikerschule Luzern HPS, Luzernerstr. 26c, 6030 Ebikon <strong>SAMA \u2013 Swiss Ayurvedic Medical Academy <\/strong>S\u00e0rl, av. de Savoie 14, 1800 Vevey, repr\u00e9sent\u00e9 par sa directrice la Dr. m\u00e9d. Simone Hunziker  <\/p>\n\n\n\n<div class=\"wp-block-image\"><figure class=\"aligncenter size-large\"><img loading=\"lazy\" decoding=\"async\" width=\"600\" height=\"424\" src=\"https:\/\/to-ayurveda.ch\/fr\/wp-content\/uploads\/sites\/3\/2020\/03\/gruendung-to-ayurveda-ch-fr.png\" alt=\"\" class=\"wp-image-310\" srcset=\"https:\/\/to-ayurveda.ch\/fr\/wp-content\/uploads\/sites\/3\/2020\/03\/gruendung-to-ayurveda-ch-fr.png 600w, https:\/\/to-ayurveda.ch\/fr\/wp-content\/uploads\/sites\/3\/2020\/03\/gruendung-to-ayurveda-ch-fr-300x212.png 300w\" sizes=\"auto, (max-width: 600px) 100vw, 600px\" \/><\/figure><\/div>\n","protected":false},"excerpt":{"rendered":"<p>Ce sont les repr\u00e9sentants de deux associations professionnelles et de deux \u00e9coles qui ont sign\u00e9 la d\u00e9claration d&rsquo;intention de fonder l&rsquo;Organisation faiti\u00e8re Ayurv\u00e9da Suisse \u00e0 Berne le 9 mars 2016. La r\u00e9union de la fondation a eu lieu le 16 mai 2017 \u00e0 Berne Les d\u00e9l\u00e9gu\u00e9s des associations et \u00e9coles suivantes ont sign\u00e9 les statuts [&hellip;]<\/p>\n","protected":false},"author":1,"featured_media":0,"parent":0,"menu_order":0,"comment_status":"closed","ping_status":"closed","template":"","meta":{"ocean_post_layout":"","ocean_both_sidebars_style":"","ocean_both_sidebars_content_width":0,"ocean_both_sidebars_sidebars_width":0,"ocean_sidebar":"0","ocean_second_sidebar":"0","ocean_disable_margins":"enable","ocean_add_body_class":"","ocean_shortcode_before_top_bar":"","ocean_shortcode_after_top_bar":"","ocean_shortcode_before_header":"","ocean_shortcode_after_header":"","ocean_has_shortcode":"","ocean_shortcode_after_title":"","ocean_shortcode_before_footer_widgets":"","ocean_shortcode_after_footer_widgets":"","ocean_shortcode_before_footer_bottom":"","ocean_shortcode_after_footer_bottom":"","ocean_display_top_bar":"default","ocean_display_header":"default","ocean_header_style":"","ocean_center_header_left_menu":"0","ocean_custom_header_template":"0","ocean_custom_logo":0,"ocean_custom_retina_logo":0,"ocean_custom_logo_max_width":0,"ocean_custom_logo_tablet_max_width":0,"ocean_custom_logo_mobile_max_width":0,"ocean_custom_logo_max_height":0,"ocean_custom_logo_tablet_max_height":0,"ocean_custom_logo_mobile_max_height":0,"ocean_header_custom_menu":"0","ocean_menu_typo_font_family":"0","ocean_menu_typo_font_subset":"","ocean_menu_typo_font_size":0,"ocean_menu_typo_font_size_tablet":0,"ocean_menu_typo_font_size_mobile":0,"ocean_menu_typo_font_size_unit":"px","ocean_menu_typo_font_weight":"","ocean_menu_typo_font_weight_tablet":"","ocean_menu_typo_font_weight_mobile":"","ocean_menu_typo_transform":"","ocean_menu_typo_transform_tablet":"","ocean_menu_typo_transform_mobile":"","ocean_menu_typo_line_height":0,"ocean_menu_typo_line_height_tablet":0,"ocean_menu_typo_line_height_mobile":0,"ocean_menu_typo_line_height_unit":"","ocean_menu_typo_spacing":0,"ocean_menu_typo_spacing_tablet":0,"ocean_menu_typo_spacing_mobile":0,"ocean_menu_typo_spacing_unit":"","ocean_menu_link_color":"","ocean_menu_link_color_hover":"","ocean_menu_link_color_active":"","ocean_menu_link_background":"","ocean_menu_link_hover_background":"","ocean_menu_link_active_background":"","ocean_menu_social_links_bg":"","ocean_menu_social_hover_links_bg":"","ocean_menu_social_links_color":"","ocean_menu_social_hover_links_color":"","ocean_disable_title":"default","ocean_disable_heading":"default","ocean_post_title":"","ocean_post_subheading":"","ocean_post_title_style":"","ocean_post_title_background_color":"","ocean_post_title_background":0,"ocean_post_title_bg_image_position":"","ocean_post_title_bg_image_attachment":"","ocean_post_title_bg_image_repeat":"","ocean_post_title_bg_image_size":"","ocean_post_title_height":0,"ocean_post_title_bg_overlay":0.5,"ocean_post_title_bg_overlay_color":"","ocean_disable_breadcrumbs":"default","ocean_breadcrumbs_color":"","ocean_breadcrumbs_separator_color":"","ocean_breadcrumbs_links_color":"","ocean_breadcrumbs_links_hover_color":"","ocean_display_footer_widgets":"default","ocean_display_footer_bottom":"default","ocean_custom_footer_template":"0","footnotes":""},"class_list":["post-78","page","type-page","status-publish","hentry","entry"],"_links":{"self":[{"href":"https:\/\/to-ayurveda.ch\/fr\/wp-json\/wp\/v2\/pages\/78","targetHints":{"allow":["GET"]}}],"collection":[{"href":"https:\/\/to-ayurveda.ch\/fr\/wp-json\/wp\/v2\/pages"}],"about":[{"href":"https:\/\/to-ayurveda.ch\/fr\/wp-json\/wp\/v2\/types\/page"}],"author":[{"embeddable":true,"href":"https:\/\/to-ayurveda.ch\/fr\/wp-json\/wp\/v2\/users\/1"}],"replies":[{"embeddable":true,"href":"https:\/\/to-ayurveda.ch\/fr\/wp-json\/wp\/v2\/comments?post=78"}],"version-history":[{"count":8,"href":"https:\/\/to-ayurveda.ch\/fr\/wp-json\/wp\/v2\/pages\/78\/revisions"}],"predecessor-version":[{"id":350,"href":"https:\/\/to-ayurveda.ch\/fr\/wp-json\/wp\/v2\/pages\/78\/revisions\/350"}],"wp:attachment":[{"href":"https:\/\/to-ayurveda.ch\/fr\/wp-json\/wp\/v2\/media?parent=78"}],"curies":[{"name":"wp","href":"https:\/\/api.w.org\/{rel}","templated":true}]}}