{"id":27,"date":"2019-12-29T18:08:55","date_gmt":"2019-12-29T18:08:55","guid":{"rendered":"http:\/\/to-ayurveda.ch\/fr\/?page_id=27"},"modified":"2025-07-05T10:29:04","modified_gmt":"2025-07-05T10:29:04","slug":"download","status":"publish","type":"page","link":"https:\/\/to-ayurveda.ch\/fr\/download\/","title":{"rendered":"T\u00e9l\u00e9chargements"},"content":{"rendered":"\n<h2 class=\"wp-block-heading\">Informations g\u00e9n\u00e9rales<\/h2>\n\n\n\n<ul class=\"wp-block-list\">\n<li><a href=\"https:\/\/to-ayurveda.ch\/fr\/wp-content\/uploads\/sites\/3\/2020\/02\/TO_Ayurveda_CH_Statuten_FR.pdf\">Statuts TO Ayurveda CH<\/a><\/li>\n<\/ul>\n\n\n\n<h2 class=\"wp-block-heading\">L&rsquo;examen de module M2 en M\u00e9decine Ayurv\u00e9dique<\/h2>\n\n\n\n<ul class=\"wp-block-list\">\n<li><a href=\"https:\/\/www.oda-am.ch\/fileadmin\/sites\/oda\/files\/module\/m2\/AYU_M2_Ausschreibung_251024_FR.pdf\">Publication de l\u2019examen de module M2 pour Naturopathe en discipline M\u00e9decine Ayurv\u00e9dique<\/a><\/li>\n\n\n\n<li><a href=\"https:\/\/oda-am.ch\/fileadmin\/sites\/oda\/files\/module\/m2\/AYU_M2_Pruefungsreglement_230322_FR.pdf\">R\u00e8glement de l\u2019examen M2<\/a><\/li>\n\n\n\n<li><a href=\"https:\/\/oda-am.ch\/fileadmin\/sites\/oda\/files\/module\/m2\/AYU_M2_Wegleitung_240219_FR.pdf\">Guide du R\u00e8glement de l\u2019examen incl. Blueprint M2<\/a><\/li>\n\n\n\n<li><a href=\"https:\/\/to-ayurveda.ch\/fr\/wp-content\/uploads\/sites\/3\/2021\/02\/M2-AYU-210301-Rekursreglement-FR.pdf\">R\u00e8glement de Recours M2<\/a><\/li>\n\n\n\n<li><a href=\"https:\/\/to-ayurveda.ch\/fr\/wp-content\/uploads\/sites\/3\/2021\/02\/M2-AYU-210702-Gebu\u0308hrenordnung-FR.pdf\">R\u00e8glement des Taxes M2<\/a><\/li>\n\n\n\n<li><a href=\"https:\/\/www.oda-am.ch\/fileadmin\/sites\/oda\/files\/module\/m2\/AYU_M2_Zeitplan_251024_FR.pdf\">Calendrier Examen M2<\/a><\/li>\n\n\n\n<li><a href=\"https:\/\/www.oda-am.ch\/fileadmin\/sites\/oda\/files\/module\/m2\/M2_AYU_-_200703_MC-Musterfragen_FR.pdf\">QCM \u2013 Question \u00e0 choix multiples M2<\/a><\/li>\n<\/ul>\n\n\n\n<h2 class=\"wp-block-heading\">Formation: M\u00e9decine ayurv\u00e9dique<\/h2>\n\n\n\n<ul class=\"wp-block-list\">\n<li><a href=\"https:\/\/to-ayurveda.ch\/fr\/wp-content\/uploads\/sites\/3\/2020\/02\/OdA_Grundlagen_AYU-MED_FR.pdf\">Bases de la M\u00e9decine alternative<\/a><\/li>\n\n\n\n<li><a href=\"https:\/\/to-ayurveda.ch\/fr\/wp-content\/uploads\/sites\/3\/2020\/02\/OdA_Berufsbild_AYU-MED_FR.pdf\">Profil professionel Naturopathe avec dipl\u00f4me f\u00e9d\u00e9ral<\/a><\/li>\n\n\n\n<li><a href=\"https:\/\/to-ayurveda.ch\/fr\/wp-content\/uploads\/sites\/3\/2020\/02\/QSK_NO_Modulbeschreibungen_M1-M7_AYU-MED_FR.pdf\">Descriptifs des modules M1 \u2013 M7<\/a><\/li>\n\n\n\n<li><a href=\"https:\/\/to-ayurveda.ch\/fr\/wp-content\/uploads\/sites\/3\/2020\/02\/QSK_NO_Pruefungsordnung_AYU-MED_FR.pdf\">R\u00e8glement de l\u2019examen professionnel sup\u00e9rieur de naturopathe<\/a><\/li>\n\n\n\n<li><a href=\"https:\/\/to-ayurveda.ch\/fr\/wp-content\/uploads\/sites\/3\/2020\/02\/QSK_RE_Uebergangsbestimmungen_AYU-MED_FR.pdf\">R\u00e8glement Dispositions Transitoires<\/a><\/li>\n\n\n\n<li><a href=\"https:\/\/to-ayurveda.ch\/fr\/wp-content\/uploads\/sites\/3\/2020\/02\/GDBeilagen_AYU-MED_FR.pdf\">Document de Reference M\u00e9decine Ayurv\u00e9dique incl. Suppl\u00e9ments<\/a><\/li>\n\n\n\n<li><a href=\"https:\/\/to-ayurveda.ch\/fr\/wp-content\/uploads\/sites\/3\/2020\/02\/CAQ_NO_Ressources_AYU-MED_FR.pdf\">Ressources Discipline M\u00e9decine Ayurv\u00e9dique<\/a><\/li>\n\n\n\n<li><a href=\"https:\/\/to-ayurveda.ch\/fr\/wp-content\/uploads\/sites\/3\/2020\/02\/AYU_Ressourcenbeilage_FR.pdf\">Annexe aux resso<\/a><a href=\"https:\/\/oda-am.ch\/fileadmin\/sites\/oda\/files\/module\/m2\/11.0_AYU_Ressourcenbeilage_221114_FR.pdf\">urces Discipline m\u00e9decine ayurv\u00e9dique <\/a><\/li>\n<\/ul>\n\n\n\n<div style=\"height:40px\" aria-hidden=\"true\" class=\"wp-block-spacer\"><\/div>\n\n\n\n<h2 class=\"wp-block-heading\">Formation: Th\u00e9rapie ayurv\u00e9dique&nbsp;<\/h2>\n\n\n\n<ul class=\"wp-block-list\">\n<li><a href=\"https:\/\/to-ayurveda.ch\/fr\/wp-content\/uploads\/sites\/3\/2020\/02\/okt_vs_grundlagen_kt_FR.pdf\">Bases de la th\u00e9rapie compl\u00e9mentaire<\/a> <\/li>\n\n\n\n<li><a href=\"https:\/\/to-ayurveda.ch\/fr\/wp-content\/uploads\/sites\/3\/2020\/02\/Berufsbild_KT_FR.pdf\">Profil professionnel Th\u00e9rapeute Compl\u00e9mentaire avec dipl\u00f4me f\u00e9d\u00e9ral<\/a> <\/li>\n\n\n\n<li><a href=\"https:\/\/www.oda-kt.ch\/fileadmin\/user_upload\/pdf\/F\/Reglemente_F\/210915_Tronc_Commun_KT_fr.pdf\">Tronc Commun Th\u00e9rapie Compl\u00e9mentaire<\/a> <\/li>\n\n\n\n<li><a href=\"https:\/\/www.oda-kt.ch\/fileadmin\/user_upload\/pdf\/F\/Reglemente_F\/220325_in_Kraft_gesetzte_Pr%C3%BCfungsordnung_HFP_KT_fr.pdf\">R\u00e8glement concernant l\u2019Examen Professionnel Sup\u00e9rieur des Th\u00e9rapeutes Compl\u00e9mentaires<\/a> <\/li>\n\n\n\n<li><a href=\"https:\/\/www.oda-kt.ch\/fileadmin\/user_upload\/pdf\/F\/METID\/METID_kt-Ayurveda_F_Januar_2020.pdf\">Identification de la M\u00e9thode Ayurv\u00e9da-Th\u00e9rapie IDMET<\/a><\/li>\n\n\n\n<li><a href=\"https:\/\/www.oda-kt.ch\/fileadmin\/user_upload\/pdf\/F\/METID\/METID_Ayurveda_Therapie_Kurzversion_fr.pdf\">IDMET version courte<\/a> \u00a0<\/li>\n\n\n\n<li><a href=\"https:\/\/www.oda-kt.ch\/fileadmin\/user_upload\/pdf\/F\/Reglemente_F\/210630_Reglement_Supervidierte_komplementa%CC%88rtherapeutische_Berufspraxis_fr.pdf\">Pratique professionnelle Th\u00e9rapie Compl\u00e9mentaire supervis\u00e9e<\/a> \u00a0<\/li>\n\n\n\n<li><a href=\"https:\/\/www.oda-kt.ch\/fileadmin\/user_upload\/pdf\/F\/Reglemente_F\/220201_Reglement_GWV_BZ_OdA_KT_fr.pdf\">Proc\u00e9dure d\u2019Equivalence Certificat de Branche OrTra TC<\/a> \u00a0 \u00a0 <\/li>\n\n\n\n<li><a href=\"https:\/\/www.komplement\u00e4r-therapie.ch\/fr\/\">Th\u00e9rapie compl\u00e9mentaire<\/a>\u00a0 \u00a0 \u00a0 \u00a0<\/li>\n<\/ul>\n","protected":false},"excerpt":{"rendered":"<p>Informations g\u00e9n\u00e9rales L&rsquo;examen de module M2 en M\u00e9decine Ayurv\u00e9dique Formation: M\u00e9decine ayurv\u00e9dique Formation: Th\u00e9rapie ayurv\u00e9dique&nbsp;<\/p>\n","protected":false},"author":1,"featured_media":0,"parent":0,"menu_order":0,"comment_status":"closed","ping_status":"closed","template":"","meta":{"ocean_post_layout":"","ocean_both_sidebars_style":"","ocean_both_sidebars_content_width":0,"ocean_both_sidebars_sidebars_width":0,"ocean_sidebar":"0","ocean_second_sidebar":"0","ocean_disable_margins":"enable","ocean_add_body_class":"","ocean_shortcode_before_top_bar":"","ocean_shortcode_after_top_bar":"","ocean_shortcode_before_header":"","ocean_shortcode_after_header":"","ocean_has_shortcode":"","ocean_shortcode_after_title":"","ocean_shortcode_before_footer_widgets":"","ocean_shortcode_after_footer_widgets":"","ocean_shortcode_before_footer_bottom":"","ocean_shortcode_after_footer_bottom":"","ocean_display_top_bar":"default","ocean_display_header":"default","ocean_header_style":"","ocean_center_header_left_menu":"0","ocean_custom_header_template":"0","ocean_custom_logo":0,"ocean_custom_retina_logo":0,"ocean_custom_logo_max_width":0,"ocean_custom_logo_tablet_max_width":0,"ocean_custom_logo_mobile_max_width":0,"ocean_custom_logo_max_height":0,"ocean_custom_logo_tablet_max_height":0,"ocean_custom_logo_mobile_max_height":0,"ocean_header_custom_menu":"0","ocean_menu_typo_font_family":"0","ocean_menu_typo_font_subset":"","ocean_menu_typo_font_size":0,"ocean_menu_typo_font_size_tablet":0,"ocean_menu_typo_font_size_mobile":0,"ocean_menu_typo_font_size_unit":"px","ocean_menu_typo_font_weight":"","ocean_menu_typo_font_weight_tablet":"","ocean_menu_typo_font_weight_mobile":"","ocean_menu_typo_transform":"","ocean_menu_typo_transform_tablet":"","ocean_menu_typo_transform_mobile":"","ocean_menu_typo_line_height":0,"ocean_menu_typo_line_height_tablet":0,"ocean_menu_typo_line_height_mobile":0,"ocean_menu_typo_line_height_unit":"","ocean_menu_typo_spacing":0,"ocean_menu_typo_spacing_tablet":0,"ocean_menu_typo_spacing_mobile":0,"ocean_menu_typo_spacing_unit":"","ocean_menu_link_color":"","ocean_menu_link_color_hover":"","ocean_menu_link_color_active":"","ocean_menu_link_background":"","ocean_menu_link_hover_background":"","ocean_menu_link_active_background":"","ocean_menu_social_links_bg":"","ocean_menu_social_hover_links_bg":"","ocean_menu_social_links_color":"","ocean_menu_social_hover_links_color":"","ocean_disable_title":"default","ocean_disable_heading":"default","ocean_post_title":"","ocean_post_subheading":"","ocean_post_title_style":"","ocean_post_title_background_color":"","ocean_post_title_background":0,"ocean_post_title_bg_image_position":"","ocean_post_title_bg_image_attachment":"","ocean_post_title_bg_image_repeat":"","ocean_post_title_bg_image_size":"","ocean_post_title_height":0,"ocean_post_title_bg_overlay":0.5,"ocean_post_title_bg_overlay_color":"","ocean_disable_breadcrumbs":"default","ocean_breadcrumbs_color":"","ocean_breadcrumbs_separator_color":"","ocean_breadcrumbs_links_color":"","ocean_breadcrumbs_links_hover_color":"","ocean_display_footer_widgets":"default","ocean_display_footer_bottom":"default","ocean_custom_footer_template":"0","footnotes":""},"class_list":["post-27","page","type-page","status-publish","hentry","entry"],"_links":{"self":[{"href":"https:\/\/to-ayurveda.ch\/fr\/wp-json\/wp\/v2\/pages\/27","targetHints":{"allow":["GET"]}}],"collection":[{"href":"https:\/\/to-ayurveda.ch\/fr\/wp-json\/wp\/v2\/pages"}],"about":[{"href":"https:\/\/to-ayurveda.ch\/fr\/wp-json\/wp\/v2\/types\/page"}],"author":[{"embeddable":true,"href":"https:\/\/to-ayurveda.ch\/fr\/wp-json\/wp\/v2\/users\/1"}],"replies":[{"embeddable":true,"href":"https:\/\/to-ayurveda.ch\/fr\/wp-json\/wp\/v2\/comments?post=27"}],"version-history":[{"count":52,"href":"https:\/\/to-ayurveda.ch\/fr\/wp-json\/wp\/v2\/pages\/27\/revisions"}],"predecessor-version":[{"id":562,"href":"https:\/\/to-ayurveda.ch\/fr\/wp-json\/wp\/v2\/pages\/27\/revisions\/562"}],"wp:attachment":[{"href":"https:\/\/to-ayurveda.ch\/fr\/wp-json\/wp\/v2\/media?parent=27"}],"curies":[{"name":"wp","href":"https:\/\/api.w.org\/{rel}","templated":true}]}}