{"id":25,"date":"2019-12-29T18:08:40","date_gmt":"2019-12-29T18:08:40","guid":{"rendered":"http:\/\/to-ayurveda.ch\/fr\/?page_id=25"},"modified":"2021-12-13T16:56:31","modified_gmt":"2021-12-13T16:56:31","slug":"ayurveda-berufe-mit-eidg-diplom","status":"publish","type":"page","link":"https:\/\/to-ayurveda.ch\/fr\/ayurveda-berufe-mit-eidg-diplom\/","title":{"rendered":"Deux Professions Ayurv\u00e9diques avec dipl\u00f4me f\u00e9d\u00e9ral"},"content":{"rendered":"\n<p>(Certificat de l&rsquo;examen professionnel sup\u00e9rieur EPS au niveau tertiaire B du syst\u00e8me \u00e9ducatif suisse)<\/p>\n\n\n\n<h2 class=\"wp-block-heading\">Naturopathe avec dipl\u00f4me f\u00e9d\u00e9ral en M\u00e9decine Ayurv\u00e9dique<\/h2>\n\n\n\n<p><strong>Aper\u00e7u\ndes principes de base, du contenu et de la mise en \u0153uvre<\/strong> (voir aussi sous : Downloads)<\/p>\n\n\n\n<ol class=\"wp-block-list\"><li>Les\nbases de la M\u00e9decine Alternative (9 p.)<\/li><li>Profil\nde la profession : Naturopathe avec dipl\u00f4me f\u00e9d\u00e9ral (24 p.)<\/li><li>Les\nbases de la M\u00e9decine Ayurv\u00e9dique (40 p.)<\/li><li>Document\nde r\u00e9f\u00e9rence de la discipline M\u00e9decine Ayurv\u00e9dique (15 p.)<\/li><li>Descriptions\ndes modules M1 &#8211; M7 (26 p.)<\/li><li>R\u00e8glement\nd\u2019examen de l\u2019examen professionnel sup\u00e9rieur de Naturopathe (17 p.)<\/li><\/ol>\n\n\n\n<p><strong>Heures de formation :<\/strong><\/p>\n\n\n\n<ul class=\"wp-block-list\"><li>Module 1 : Formation m\u00e9dicale de base \u2013 1500 heures d\u2019\u00e9tude \/ dont au minimum 700 heures de pr\u00e9sence<\/li><li>Module 2 : Formation de base discipline M\u00e9decine Ayurv\u00e9dique \u2013 1700 heures d\u2019\u00e9tude \/ dont au minimum 1000 heures de pr\u00e9sence<\/li><li>Module 3 : Sant\u00e9 et \u00e9thique \u2013 60 heures d\u2019\u00e9tude \/ dont au minimum 28 heures de pr\u00e9sence<\/li><li>Module 4 : travail comme th\u00e9rapeute \u2013 300 heures d\u2019\u00e9tude \/ dont au minimum 104 heures de pr\u00e9sence<\/li><li>Module 5 : diriger et g\u00e9rer l\u2019entreprise \u2013&nbsp; 90 heures d\u2019\u00e9tude \/ dont au minimum 28 heures de pr\u00e9sence<\/li><li>Module 6 : Stage pratique \u2013 600 heures de travail<\/li><\/ul>\n\n\n\n<p class=\"has-text-align-center\"><strong>Confirmation de la formation : Certificat OrTra\nMA<\/strong><\/p>\n\n\n\n<ul class=\"wp-block-list\"><li>Module 7: au moins deux ans d&rsquo;exp\u00e9rience professionnelle dans le cadre d&rsquo;un mentorat : de l&rsquo;ordre de 800 heures de travail<\/li><\/ul>\n\n\n\n<p class=\"has-text-align-center\"><strong>Formation professionnelle, au total 5050 heures d\u2019\u00e9tude<\/strong><\/p>\n\n\n\n<p class=\"has-text-align-center\"><strong>Qualification professionnelle avec passage de\nl&rsquo;examen professionnel sup\u00e9rieur pour le dipl\u00f4me f\u00e9d\u00e9ral<\/strong><\/p>\n\n\n\n<h2 class=\"wp-block-heading\">Th\u00e9rapeute Compl\u00e9mentaire avec dipl\u00f4me f\u00e9d\u00e9ral en Ayurv\u00e9da Th\u00e9rapie<\/h2>\n\n\n\n<p><strong>Aper\u00e7u\ndes principes de base, du contenu et de la mise en \u0153uvre <\/strong>(voir aussi sous : Downloads)<\/p>\n\n\n\n<ol class=\"wp-block-list\"><li>Les\nbases de la Th\u00e9rapie Compl\u00e9mentaire et les principes \u00e9thiques professionnels (11\np.)<\/li><li>Profil\nde la profession : Th\u00e9rapeute Compl\u00e9mentaire avec dipl\u00f4me f\u00e9d\u00e9ral (24 p.)<\/li><li>Tronc\ncommun Th\u00e9rapie Compl\u00e9mentaire (19 p.)<\/li><li>Identification de la m\u00e9thode (IDMET)\nAyurv\u00e9da-Th\u00e9rapie, fondements inclus (31 p.)<\/li><li>R\u00e8glement\nd&rsquo;examen : examen professionnel sup\u00e9rieur pour les th\u00e9rapeutes compl\u00e9mentaires (19\np.)<\/li><\/ol>\n\n\n\n<p><strong>Heures de formation :<\/strong><\/p>\n\n\n\n<ul class=\"wp-block-list\"><li>Tronc commun Th\u00e9rapie Compl\u00e9mentaire : 950 heures d\u2019\u00e9tude (dont au minimum 340 heures de pr\u00e9sence)<\/li><li>Th\u00e9rapie Ayurv\u00e9dique : 1250 heures d\u2019\u00e9tude (dont au minimum 500 heures de pr\u00e9sence)<\/li><li>Processus interne sp\u00e9cifiques \u00e0 la m\u00e9thode : 60 heures (dont au minimum 24 heures de pr\u00e9sence)<\/li><li>Stage pratique : 250 heures d\u2019\u00e9tude (dont au minimum 41 heures de pr\u00e9sence)<\/li><li>Th\u00e8se \u00e9crites orient\u00e9e comp\u00e9tences : 150 heures de travail (dont au minimum 4 heures de pr\u00e9sence)<\/li><\/ul>\n\n\n\n<p class=\"has-text-align-center\"><strong>Confirmation de la formation : Certificat de la\nbranche TC<\/strong><\/p>\n\n\n\n<p>&#8211; au moins deux ans d&rsquo;exp\u00e9rience professionnelle sous surveillance : de l&rsquo;ordre de 500 heures<\/p>\n\n\n\n<p class=\"has-text-align-center\"><strong>Formation professionelle : au total 3160 heures de formation<\/strong><\/p>\n\n\n\n<p class=\"has-text-align-center\"><strong>Qualification professionnelle avec passage de\nl&rsquo;examen professionnel sup\u00e9rieur pour le dipl\u00f4me f\u00e9d\u00e9ral<\/strong><\/p>\n\n\n\n<p><\/p>\n","protected":false},"excerpt":{"rendered":"<p>(Certificat de l&rsquo;examen professionnel sup\u00e9rieur EPS au niveau tertiaire B du syst\u00e8me \u00e9ducatif suisse) Naturopathe avec dipl\u00f4me f\u00e9d\u00e9ral en M\u00e9decine Ayurv\u00e9dique Aper\u00e7u des principes de base, du contenu et de la mise en \u0153uvre (voir aussi sous : Downloads) Les bases de la M\u00e9decine Alternative (9 p.) Profil de la profession : Naturopathe avec dipl\u00f4me [&hellip;]<\/p>\n","protected":false},"author":1,"featured_media":0,"parent":0,"menu_order":0,"comment_status":"closed","ping_status":"closed","template":"","meta":{"ocean_post_layout":"","ocean_both_sidebars_style":"","ocean_both_sidebars_content_width":0,"ocean_both_sidebars_sidebars_width":0,"ocean_sidebar":"0","ocean_second_sidebar":"0","ocean_disable_margins":"enable","ocean_add_body_class":"","ocean_shortcode_before_top_bar":"","ocean_shortcode_after_top_bar":"","ocean_shortcode_before_header":"","ocean_shortcode_after_header":"","ocean_has_shortcode":"","ocean_shortcode_after_title":"","ocean_shortcode_before_footer_widgets":"","ocean_shortcode_after_footer_widgets":"","ocean_shortcode_before_footer_bottom":"","ocean_shortcode_after_footer_bottom":"","ocean_display_top_bar":"default","ocean_display_header":"default","ocean_header_style":"","ocean_center_header_left_menu":"0","ocean_custom_header_template":"0","ocean_custom_logo":0,"ocean_custom_retina_logo":0,"ocean_custom_logo_max_width":0,"ocean_custom_logo_tablet_max_width":0,"ocean_custom_logo_mobile_max_width":0,"ocean_custom_logo_max_height":0,"ocean_custom_logo_tablet_max_height":0,"ocean_custom_logo_mobile_max_height":0,"ocean_header_custom_menu":"0","ocean_menu_typo_font_family":"0","ocean_menu_typo_font_subset":"","ocean_menu_typo_font_size":0,"ocean_menu_typo_font_size_tablet":0,"ocean_menu_typo_font_size_mobile":0,"ocean_menu_typo_font_size_unit":"px","ocean_menu_typo_font_weight":"","ocean_menu_typo_font_weight_tablet":"","ocean_menu_typo_font_weight_mobile":"","ocean_menu_typo_transform":"","ocean_menu_typo_transform_tablet":"","ocean_menu_typo_transform_mobile":"","ocean_menu_typo_line_height":0,"ocean_menu_typo_line_height_tablet":0,"ocean_menu_typo_line_height_mobile":0,"ocean_menu_typo_line_height_unit":"","ocean_menu_typo_spacing":0,"ocean_menu_typo_spacing_tablet":0,"ocean_menu_typo_spacing_mobile":0,"ocean_menu_typo_spacing_unit":"","ocean_menu_link_color":"","ocean_menu_link_color_hover":"","ocean_menu_link_color_active":"","ocean_menu_link_background":"","ocean_menu_link_hover_background":"","ocean_menu_link_active_background":"","ocean_menu_social_links_bg":"","ocean_menu_social_hover_links_bg":"","ocean_menu_social_links_color":"","ocean_menu_social_hover_links_color":"","ocean_disable_title":"default","ocean_disable_heading":"default","ocean_post_title":"","ocean_post_subheading":"","ocean_post_title_style":"","ocean_post_title_background_color":"","ocean_post_title_background":0,"ocean_post_title_bg_image_position":"","ocean_post_title_bg_image_attachment":"","ocean_post_title_bg_image_repeat":"","ocean_post_title_bg_image_size":"","ocean_post_title_height":0,"ocean_post_title_bg_overlay":0.5,"ocean_post_title_bg_overlay_color":"","ocean_disable_breadcrumbs":"default","ocean_breadcrumbs_color":"","ocean_breadcrumbs_separator_color":"","ocean_breadcrumbs_links_color":"","ocean_breadcrumbs_links_hover_color":"","ocean_display_footer_widgets":"default","ocean_display_footer_bottom":"default","ocean_custom_footer_template":"0","footnotes":""},"class_list":["post-25","page","type-page","status-publish","hentry","entry"],"_links":{"self":[{"href":"https:\/\/to-ayurveda.ch\/fr\/wp-json\/wp\/v2\/pages\/25","targetHints":{"allow":["GET"]}}],"collection":[{"href":"https:\/\/to-ayurveda.ch\/fr\/wp-json\/wp\/v2\/pages"}],"about":[{"href":"https:\/\/to-ayurveda.ch\/fr\/wp-json\/wp\/v2\/types\/page"}],"author":[{"embeddable":true,"href":"https:\/\/to-ayurveda.ch\/fr\/wp-json\/wp\/v2\/users\/1"}],"replies":[{"embeddable":true,"href":"https:\/\/to-ayurveda.ch\/fr\/wp-json\/wp\/v2\/comments?post=25"}],"version-history":[{"count":10,"href":"https:\/\/to-ayurveda.ch\/fr\/wp-json\/wp\/v2\/pages\/25\/revisions"}],"predecessor-version":[{"id":428,"href":"https:\/\/to-ayurveda.ch\/fr\/wp-json\/wp\/v2\/pages\/25\/revisions\/428"}],"wp:attachment":[{"href":"https:\/\/to-ayurveda.ch\/fr\/wp-json\/wp\/v2\/media?parent=25"}],"curies":[{"name":"wp","href":"https:\/\/api.w.org\/{rel}","templated":true}]}}