{"id":21,"date":"2019-12-29T18:07:45","date_gmt":"2019-12-29T18:07:45","guid":{"rendered":"http:\/\/to-ayurveda.ch\/fr\/?page_id=21"},"modified":"2020-03-08T21:22:37","modified_gmt":"2020-03-08T21:22:37","slug":"goenner-sponsoren","status":"publish","type":"page","link":"https:\/\/to-ayurveda.ch\/fr\/goenner-sponsoren\/","title":{"rendered":"Sponsors\u00a0\/ Donateurs"},"content":{"rendered":"\n<p> Nous remercions chaleureusement nos sponsors annuels et nos donateurs spontan\u00e9s pour le soutien qu\u2019ils ont apport\u00e9 \u00e0 l\u2019Of Ayurv\u00e9da CH <\/p>\n\n\n\n<h3 class=\"wp-block-heading\"> Sponsors \/ Donateurs de l\u2019OF Ayurv\u00e9da CH<\/h3>\n\n\n\n<p>En tant que sponsor et donateur, vous soutenez et promouvez l\u2019OF Ayurv\u00e9da CH dans ses objectifs et ses activit\u00e9s et b\u00e9n\u00e9ficiez des avantages suivant :<\/p>\n\n\n\n<ul class=\"wp-block-list\"><li>Participation \u00e0 l&rsquo;Assembl\u00e9e des D\u00e9l\u00e9gu\u00e9s en tant qu&rsquo;invit\u00e9 (participation aux discussions sans droit de vote et d&rsquo;\u00e9ligibilit\u00e9)<\/li><li>Informations actuelles sur la politique professionnelle et \u00e9ducative en mati\u00e8re de m\u00e9decine compl\u00e9mentaire<\/li><li>R\u00e9union annuelle et \u00e9changes professionnels entre eux et avec les membres du conseil d&rsquo;administration de l\u2019OF Ayurv\u00e9da CH<\/li><li>Mention avec logo sur le site web de l\u2019 OF Ayurv\u00e9da CH<\/li><li>Echange bilat\u00e9ral entre les sponsors\/donateurs et l\u2019OF Ayurv\u00e9da CH sur des sujets sp\u00e9cifiques concernant personnellement les sponsors\/donateurs afin de parvenir \u00e0 une situation gagnant-gagnant.<\/li><li>Faire conna\u00eetre les donateurs et les sponsors \u00e0 nos membres<\/li><\/ul>\n\n\n\n<p>Les bienfaiteurs\/sponsors s&rsquo;engagent \u00e0 payer une cotisation annuelle,\nqui est convenue avec le conseil d&rsquo;administration avant l&rsquo;adh\u00e9sion. Elle\ns&rsquo;\u00e9l\u00e8ve \u00e0 au moins 500 CHF ; bien entendu, les contributions ponctuelles sont\n\u00e9galement les bienvenues<\/p>\n\n\n\n<p>Tirez avec nous sur la m\u00eame\ncorde pour la diffusion de l&rsquo;Ayurv\u00e9da en Suisse !<\/p>\n\n\n\n<h3 class=\"wp-block-heading\">Nos sponsors<\/h3>\n\n\n\n<ul class=\"wp-block-list\"><li><a href=\"https:\/\/veda.ch\">Ayurveda AG<\/a><\/li><li><a href=\"https:\/\/ayurveda-products.ch\">Maharishi Ayurveda Products<\/a><\/li><li><a href=\"https:\/\/ayurveda-seelisberg.ch\/\">Maharishi Ayurveda Gesundheitszentrum&nbsp;Seelisberg<\/a><\/li><\/ul>\n","protected":false},"excerpt":{"rendered":"<p>Nous remercions chaleureusement nos sponsors annuels et nos donateurs spontan\u00e9s pour le soutien qu\u2019ils ont apport\u00e9 \u00e0 l\u2019Of Ayurv\u00e9da CH Sponsors \/ Donateurs de l\u2019OF Ayurv\u00e9da CH En tant que sponsor et donateur, vous soutenez et promouvez l\u2019OF Ayurv\u00e9da CH dans ses objectifs et ses activit\u00e9s et b\u00e9n\u00e9ficiez des avantages suivant : Participation \u00e0 l&rsquo;Assembl\u00e9e [&hellip;]<\/p>\n","protected":false},"author":1,"featured_media":0,"parent":0,"menu_order":0,"comment_status":"closed","ping_status":"closed","template":"","meta":{"ocean_post_layout":"","ocean_both_sidebars_style":"","ocean_both_sidebars_content_width":0,"ocean_both_sidebars_sidebars_width":0,"ocean_sidebar":"0","ocean_second_sidebar":"0","ocean_disable_margins":"enable","ocean_add_body_class":"","ocean_shortcode_before_top_bar":"","ocean_shortcode_after_top_bar":"","ocean_shortcode_before_header":"","ocean_shortcode_after_header":"","ocean_has_shortcode":"","ocean_shortcode_after_title":"","ocean_shortcode_before_footer_widgets":"","ocean_shortcode_after_footer_widgets":"","ocean_shortcode_before_footer_bottom":"","ocean_shortcode_after_footer_bottom":"","ocean_display_top_bar":"default","ocean_display_header":"default","ocean_header_style":"","ocean_center_header_left_menu":"0","ocean_custom_header_template":"0","ocean_custom_logo":0,"ocean_custom_retina_logo":0,"ocean_custom_logo_max_width":0,"ocean_custom_logo_tablet_max_width":0,"ocean_custom_logo_mobile_max_width":0,"ocean_custom_logo_max_height":0,"ocean_custom_logo_tablet_max_height":0,"ocean_custom_logo_mobile_max_height":0,"ocean_header_custom_menu":"0","ocean_menu_typo_font_family":"0","ocean_menu_typo_font_subset":"","ocean_menu_typo_font_size":0,"ocean_menu_typo_font_size_tablet":0,"ocean_menu_typo_font_size_mobile":0,"ocean_menu_typo_font_size_unit":"px","ocean_menu_typo_font_weight":"","ocean_menu_typo_font_weight_tablet":"","ocean_menu_typo_font_weight_mobile":"","ocean_menu_typo_transform":"","ocean_menu_typo_transform_tablet":"","ocean_menu_typo_transform_mobile":"","ocean_menu_typo_line_height":0,"ocean_menu_typo_line_height_tablet":0,"ocean_menu_typo_line_height_mobile":0,"ocean_menu_typo_line_height_unit":"","ocean_menu_typo_spacing":0,"ocean_menu_typo_spacing_tablet":0,"ocean_menu_typo_spacing_mobile":0,"ocean_menu_typo_spacing_unit":"","ocean_menu_link_color":"","ocean_menu_link_color_hover":"","ocean_menu_link_color_active":"","ocean_menu_link_background":"","ocean_menu_link_hover_background":"","ocean_menu_link_active_background":"","ocean_menu_social_links_bg":"","ocean_menu_social_hover_links_bg":"","ocean_menu_social_links_color":"","ocean_menu_social_hover_links_color":"","ocean_disable_title":"default","ocean_disable_heading":"default","ocean_post_title":"","ocean_post_subheading":"","ocean_post_title_style":"","ocean_post_title_background_color":"","ocean_post_title_background":0,"ocean_post_title_bg_image_position":"","ocean_post_title_bg_image_attachment":"","ocean_post_title_bg_image_repeat":"","ocean_post_title_bg_image_size":"","ocean_post_title_height":0,"ocean_post_title_bg_overlay":0.5,"ocean_post_title_bg_overlay_color":"","ocean_disable_breadcrumbs":"default","ocean_breadcrumbs_color":"","ocean_breadcrumbs_separator_color":"","ocean_breadcrumbs_links_color":"","ocean_breadcrumbs_links_hover_color":"","ocean_display_footer_widgets":"default","ocean_display_footer_bottom":"default","ocean_custom_footer_template":"0","footnotes":""},"class_list":["post-21","page","type-page","status-publish","hentry","entry"],"_links":{"self":[{"href":"https:\/\/to-ayurveda.ch\/fr\/wp-json\/wp\/v2\/pages\/21","targetHints":{"allow":["GET"]}}],"collection":[{"href":"https:\/\/to-ayurveda.ch\/fr\/wp-json\/wp\/v2\/pages"}],"about":[{"href":"https:\/\/to-ayurveda.ch\/fr\/wp-json\/wp\/v2\/types\/page"}],"author":[{"embeddable":true,"href":"https:\/\/to-ayurveda.ch\/fr\/wp-json\/wp\/v2\/users\/1"}],"replies":[{"embeddable":true,"href":"https:\/\/to-ayurveda.ch\/fr\/wp-json\/wp\/v2\/comments?post=21"}],"version-history":[{"count":9,"href":"https:\/\/to-ayurveda.ch\/fr\/wp-json\/wp\/v2\/pages\/21\/revisions"}],"predecessor-version":[{"id":365,"href":"https:\/\/to-ayurveda.ch\/fr\/wp-json\/wp\/v2\/pages\/21\/revisions\/365"}],"wp:attachment":[{"href":"https:\/\/to-ayurveda.ch\/fr\/wp-json\/wp\/v2\/media?parent=21"}],"curies":[{"name":"wp","href":"https:\/\/api.w.org\/{rel}","templated":true}]}}