{"id":196,"date":"2020-02-25T20:08:58","date_gmt":"2020-02-25T20:08:58","guid":{"rendered":"http:\/\/to-ayurveda.ch\/fr\/?page_id=196"},"modified":"2020-03-05T12:02:05","modified_gmt":"2020-03-05T12:02:05","slug":"berufsbildung","status":"publish","type":"page","link":"https:\/\/to-ayurveda.ch\/fr\/berufsbildung\/","title":{"rendered":"L&rsquo;histoire de la formation professionnelle"},"content":{"rendered":"\n<h2 class=\"wp-block-heading\">L&rsquo;histoire de la formation professionnelle en Ayurveda dans le domaine des m\u00e9decines compl\u00e9mentaires en Suisse<\/h2>\n\n\n\n<p><strong>Lors du r\u00e9f\u00e9rendum de mai 2009, le peuple suisse\ns&rsquo;est prononc\u00e9 \u00e0 67 % en faveur de l&rsquo;int\u00e9gration de la M\u00e9decine Alternative et Compl\u00e9mentaire\nMAC dans le syst\u00e8me de sant\u00e9 suisse.<\/strong><\/p>\n\n\n\n<p><strong>Il en est r\u00e9sult\u00e9 une r\u00e9ussite unique dans le\ndomaine de la formation professionnelle dans le domaine MAC, tant au niveau\nnational qu&rsquo;international. Cela est particuli\u00e8rement vrai pour l&rsquo;Ayurv\u00e9da, qui\nest fermement ancr\u00e9 en Suisse. <\/strong><\/p>\n\n\n\n<h2 class=\"wp-block-heading\">Br\u00e8ve description de l&rsquo;Ayurveda<\/h2>\n\n\n\n<p>L&rsquo;<strong>Ayurv\u00e9da<\/strong> (Sanskrit : Ayus = vie, V\u00e9da = connaissance), la connaissance de la vie, vient de la haute culture v\u00e9dique de l&rsquo;Inde et est consid\u00e9r\u00e9 comme le plus ancien syst\u00e8me de sant\u00e9 au monde. Depuis 2015, la Suisse dispose de deux formations officiellement reconnues en Ayurv\u00e9da avec un dipl\u00f4me f\u00e9d\u00e9ral : Th\u00e9rapeute Compl\u00e9mentaire en Ayurv\u00e9da Th\u00e9rapie et Naturopathe en M\u00e9decine Ayurv\u00e9dique.<\/p>\n\n\n\n<p>La force de l&rsquo;Ayurv\u00e9da est sa simplicit\u00e9, son naturel et son efficacit\u00e9.\nSon fondement est la connaissance intemporelle de l&rsquo;unit\u00e9 de l&rsquo;homme avec la\nnature. M\u00eame les profanes en Occident peuvent rapidement comprendre ces liens.<\/p>\n\n\n\n<p>L&rsquo;OMS\nreconna\u00eet l&rsquo;Ayurv\u00e9da comme un syst\u00e8me m\u00e9dical mondial et a publi\u00e9 les lignes\ndirectrices pour la formation professionnelle en Ayurv\u00e9da \u00e0 la fin de 2010. Les\ndeux professions ayurv\u00e9diques en Suisse avec un dipl\u00f4me f\u00e9d\u00e9ral ont \u00e9t\u00e9 cr\u00e9\u00e9es\nsur la base des recommandations de l&rsquo;OMS. Les dipl\u00f4mes nationaux suisses en\nAyurv\u00e9da sont uniques au monde.<\/p>\n\n\n\n<h2 class=\"wp-block-heading\">Les jalons<\/h2>\n\n\n\n<p><strong>201<\/strong><strong>9<\/strong><\/p>\n\n\n\n<ul class=\"wp-block-list\"><li>Des pr\u00e9paratifs intensifs pour le premier examen final du M2 en M\u00e9decine Ayurv\u00e9dique sont en cours <\/li><li>La liste des plantes m\u00e9dicinales pertinentes pour les examens est r\u00e9duite pour les examens jusqu&rsquo;en 2022<\/li><\/ul>\n\n\n\n<p><strong>201<\/strong><strong>8<\/strong><\/p>\n\n\n\n<ul class=\"wp-block-list\"><li>REEA\/HPS Lucerne re\u00e7oit l&rsquo;accr\u00e9ditation en tant qu&rsquo;\u00e9cole reconnue pour la formation en M\u00e9decine et en Th\u00e9rapie Ayurv\u00e9diques<\/li><li>SAMA Vevey re\u00e7oit l&rsquo;accr\u00e9ditation en tant qu&rsquo;\u00e9cole reconnue pour la formation en M\u00e9decine Ayurv\u00e9dique<\/li><\/ul>\n\n\n\n<p><strong>201<\/strong><strong>7<\/strong><\/p>\n\n\n\n<ul class=\"wp-block-list\"><li>Fondation de l&rsquo;Organisation fa\u00eeti\u00e8re Ayurv\u00e9da \u00e0 Berne le 16 mai avec les deux associations professionnelles VSAMT et ASAVM et les deux \u00e9coles REEA\/HPS et SAMA<\/li><li>Of Ayurv\u00e9da CH fait la demande \u2013 selon les prescriptions de l\u2019OrTra MA \u2013 de la convention de prestation en tant qu&rsquo;organisateur d&rsquo;examens pour l&rsquo;examen du module discipline M\u00e9decine Ayurv\u00e9dique M2<\/li><\/ul>\n\n\n\n<h2 class=\"wp-block-heading\">Naturopathe avec dipl\u00f4me f\u00e9d\u00e9ral en M\u00e9decine Ayurv\u00e9dique<\/h2>\n\n\n\n<p><strong>2016<\/strong><\/p>\n\n\n\n<p>Le 28.03.2016, la premi\u00e8re version des dispositions transitoires pour les exigences de la discipline M\u00e9decine Ayurv\u00e9dique est publi\u00e9e. <\/p>\n\n\n\n<p><strong>2015<\/strong><\/p>\n\n\n\n<ul class=\"wp-block-list\"><li>La nouvelle profession de \u00ab\u00a0Naturopathe avec un dipl\u00f4me f\u00e9d\u00e9ral en M\u00e9decine Ayurv\u00e9dique MAV\u00a0\u00bb (ou l&rsquo;une des trois autres sp\u00e9cialit\u00e9s officielles : MTE, Hom\u00e9opathie, MTC) avec une reconnaissance officielle par le gouvernement f\u00e9d\u00e9ral est n\u00e9e !&nbsp;<\/li><li>Le 30.03.15 \u00e0 14.20 h, le SEFRI rapporte officiellement qu&rsquo;aucune objection n&rsquo;a \u00e9t\u00e9 re\u00e7ue concernant le r\u00e8glement d&rsquo;examen pour les Naturopathes de l&rsquo;OrTra MA.<\/li><li>Selon le SEFRI, le r\u00e8glement d&rsquo;examen est ainsi approuv\u00e9 et nous pouvons entamer le processus de signature. Une \u00e9tape importante, longtemps attendue et durement gagn\u00e9e, a \u00e9t\u00e9 franchie!<\/li><li>Premiers contacts avec l&rsquo;ambassade de l&rsquo;Inde \u00e0 Berne et le gouvernement indien, en particulier avec le minist\u00e8re des syst\u00e8mes de sant\u00e9 traditionnel AYUSH<\/li><\/ul>\n\n\n\n<p>&nbsp;<strong>2014<\/strong><\/p>\n\n\n\n<ul class=\"wp-block-list\"><li>L&rsquo;Association suisse pour l&rsquo;Ayurv\u00e9da Maharishi ASAVM a d\u00e9fini et enregistr\u00e9 le domaine de la M\u00e9decine Ayurv\u00e9dique avec toutes les institutions et \u00e9coles int\u00e9ress\u00e9es.<\/li><li>La sp\u00e9cialit\u00e9 M\u00e9decine Ayurv\u00e9dique est officiellement reconnu par l\u2019OrTra MA en juin.<\/li><li>Les documents pertinents pour l&rsquo;examen du module M2 sont maintenant  disponibles ici. De plus amples informations \u00e0 ce sujet sont disponibles  \u00e0 l&rsquo;adresse suivante <a href=\"https:\/\/www.oda-am.ch\/fr.\">www.oda-am.ch\/fr.<\/a><\/li><\/ul>\n\n\n\n<h2 class=\"wp-block-heading\"><strong>Th\u00e9rapeute Compl\u00e9mentaire avec dipl\u00f4me f\u00e9d\u00e9ral en Ayurv\u00e9da-Th\u00e9rapie<\/strong><\/h2>\n\n\n\n<p>suit&#8230;<\/p>\n","protected":false},"excerpt":{"rendered":"<p>L&rsquo;histoire de la formation professionnelle en Ayurveda dans le domaine des m\u00e9decines compl\u00e9mentaires en Suisse Lors du r\u00e9f\u00e9rendum de mai 2009, le peuple suisse s&rsquo;est prononc\u00e9 \u00e0 67 % en faveur de l&rsquo;int\u00e9gration de la M\u00e9decine Alternative et Compl\u00e9mentaire MAC dans le syst\u00e8me de sant\u00e9 suisse. Il en est r\u00e9sult\u00e9 une r\u00e9ussite unique dans le [&hellip;]<\/p>\n","protected":false},"author":1,"featured_media":0,"parent":0,"menu_order":0,"comment_status":"closed","ping_status":"closed","template":"","meta":{"ocean_post_layout":"","ocean_both_sidebars_style":"","ocean_both_sidebars_content_width":0,"ocean_both_sidebars_sidebars_width":0,"ocean_sidebar":"0","ocean_second_sidebar":"0","ocean_disable_margins":"enable","ocean_add_body_class":"","ocean_shortcode_before_top_bar":"","ocean_shortcode_after_top_bar":"","ocean_shortcode_before_header":"","ocean_shortcode_after_header":"","ocean_has_shortcode":"","ocean_shortcode_after_title":"","ocean_shortcode_before_footer_widgets":"","ocean_shortcode_after_footer_widgets":"","ocean_shortcode_before_footer_bottom":"","ocean_shortcode_after_footer_bottom":"","ocean_display_top_bar":"default","ocean_display_header":"default","ocean_header_style":"","ocean_center_header_left_menu":"0","ocean_custom_header_template":"0","ocean_custom_logo":0,"ocean_custom_retina_logo":0,"ocean_custom_logo_max_width":0,"ocean_custom_logo_tablet_max_width":0,"ocean_custom_logo_mobile_max_width":0,"ocean_custom_logo_max_height":0,"ocean_custom_logo_tablet_max_height":0,"ocean_custom_logo_mobile_max_height":0,"ocean_header_custom_menu":"0","ocean_menu_typo_font_family":"0","ocean_menu_typo_font_subset":"","ocean_menu_typo_font_size":0,"ocean_menu_typo_font_size_tablet":0,"ocean_menu_typo_font_size_mobile":0,"ocean_menu_typo_font_size_unit":"px","ocean_menu_typo_font_weight":"","ocean_menu_typo_font_weight_tablet":"","ocean_menu_typo_font_weight_mobile":"","ocean_menu_typo_transform":"","ocean_menu_typo_transform_tablet":"","ocean_menu_typo_transform_mobile":"","ocean_menu_typo_line_height":0,"ocean_menu_typo_line_height_tablet":0,"ocean_menu_typo_line_height_mobile":0,"ocean_menu_typo_line_height_unit":"","ocean_menu_typo_spacing":0,"ocean_menu_typo_spacing_tablet":0,"ocean_menu_typo_spacing_mobile":0,"ocean_menu_typo_spacing_unit":"","ocean_menu_link_color":"","ocean_menu_link_color_hover":"","ocean_menu_link_color_active":"","ocean_menu_link_background":"","ocean_menu_link_hover_background":"","ocean_menu_link_active_background":"","ocean_menu_social_links_bg":"","ocean_menu_social_hover_links_bg":"","ocean_menu_social_links_color":"","ocean_menu_social_hover_links_color":"","ocean_disable_title":"default","ocean_disable_heading":"default","ocean_post_title":"","ocean_post_subheading":"","ocean_post_title_style":"","ocean_post_title_background_color":"","ocean_post_title_background":0,"ocean_post_title_bg_image_position":"","ocean_post_title_bg_image_attachment":"","ocean_post_title_bg_image_repeat":"","ocean_post_title_bg_image_size":"","ocean_post_title_height":0,"ocean_post_title_bg_overlay":0.5,"ocean_post_title_bg_overlay_color":"","ocean_disable_breadcrumbs":"default","ocean_breadcrumbs_color":"","ocean_breadcrumbs_separator_color":"","ocean_breadcrumbs_links_color":"","ocean_breadcrumbs_links_hover_color":"","ocean_display_footer_widgets":"default","ocean_display_footer_bottom":"default","ocean_custom_footer_template":"0","footnotes":""},"class_list":["post-196","page","type-page","status-publish","hentry","entry"],"_links":{"self":[{"href":"https:\/\/to-ayurveda.ch\/fr\/wp-json\/wp\/v2\/pages\/196","targetHints":{"allow":["GET"]}}],"collection":[{"href":"https:\/\/to-ayurveda.ch\/fr\/wp-json\/wp\/v2\/pages"}],"about":[{"href":"https:\/\/to-ayurveda.ch\/fr\/wp-json\/wp\/v2\/types\/page"}],"author":[{"embeddable":true,"href":"https:\/\/to-ayurveda.ch\/fr\/wp-json\/wp\/v2\/users\/1"}],"replies":[{"embeddable":true,"href":"https:\/\/to-ayurveda.ch\/fr\/wp-json\/wp\/v2\/comments?post=196"}],"version-history":[{"count":11,"href":"https:\/\/to-ayurveda.ch\/fr\/wp-json\/wp\/v2\/pages\/196\/revisions"}],"predecessor-version":[{"id":354,"href":"https:\/\/to-ayurveda.ch\/fr\/wp-json\/wp\/v2\/pages\/196\/revisions\/354"}],"wp:attachment":[{"href":"https:\/\/to-ayurveda.ch\/fr\/wp-json\/wp\/v2\/media?parent=196"}],"curies":[{"name":"wp","href":"https:\/\/api.w.org\/{rel}","templated":true}]}}