{"id":19,"date":"2019-12-29T18:07:21","date_gmt":"2019-12-29T18:07:21","guid":{"rendered":"http:\/\/to-ayurveda.ch\/fr\/?page_id=19"},"modified":"2023-12-07T15:53:05","modified_gmt":"2023-12-07T15:53:05","slug":"schulen","status":"publish","type":"page","link":"https:\/\/to-ayurveda.ch\/fr\/schulen\/","title":{"rendered":"Ecoles dans l&rsquo;OF M\u00e9decine Ayurv\u00e9dique"},"content":{"rendered":"\n<h2 class=\"wp-block-heading\">Suisse al\u00e9manique :<\/h2>\n\n\n\n<div class=\"wp-block-image schulenbilder\"><figure class=\"aligncenter size-large is-resized\"><a href=\"https:\/\/www.ayurveda-akademie.org\/das-kompetenzzentrum-fuer-ayurveda-und-yoga\/schweiz\/\"><img decoding=\"async\" src=\"https:\/\/to-ayurveda.ch\/fr\/wp-content\/uploads\/sites\/3\/2020\/01\/rosenberghps-luzern.jpg\" alt=\"\" class=\"wp-image-114\" width=\"520\" srcset=\"https:\/\/to-ayurveda.ch\/fr\/wp-content\/uploads\/sites\/3\/2020\/01\/rosenberghps-luzern.jpg 881w, https:\/\/to-ayurveda.ch\/fr\/wp-content\/uploads\/sites\/3\/2020\/01\/rosenberghps-luzern-300x72.jpg 300w, https:\/\/to-ayurveda.ch\/fr\/wp-content\/uploads\/sites\/3\/2020\/01\/rosenberghps-luzern-768x184.jpg 768w\" sizes=\"(max-width: 881px) 100vw, 881px\" \/><\/a><\/figure><\/div>\n\n\n\n<p><strong><a href=\"https:\/\/www.ayurveda-akademie.org\/das-kompetenzzentrum-fuer-ayurveda-und-yoga\/schweiz\/\">Europ\u00e4ische Akademie f\u00fcr Ayurveda in Kooperation en coop\u00e9ration avec&nbsp;  Heilpraktikerschule Luzern<\/a><\/strong> en 6030 Ebikon \/ LU<\/p>\n\n\n\n<ul class=\"wp-block-list\"><li>Ecole accr\u00e9dit\u00e9e depuis 2018 par l\u2019OrTra Th\u00e9rapie Compl\u00e9mentaire TC pour la formation de Th\u00e9rapeute Compl\u00e9mentaire avec dipl\u00f4me f\u00e9d\u00e9ral en Ayurv\u00e9da Th\u00e9rapie. <\/li><li>Ecole accr\u00e9dit\u00e9e depuis 2018 par l\u2019OrTra M\u00e9decine Alternative MA pour la formation de Naturopathe avec dipl\u00f4me f\u00e9d\u00e9ral en M\u00e9decine Ayurv\u00e9dique<\/li><\/ul>\n\n\n\n<h2 class=\"wp-block-heading\">Suisse romande :<\/h2>\n\n\n\n<figure class=\"wp-block-image\"><img decoding=\"async\" src=\"https:\/\/www.epsn.ch\/home\/assets\/img\/Logo_EPSN.png\" alt=\"\" \/><\/figure>\n\n\n\n<p><strong><a href=\"http:\/\/www.epsn.ch\/\">EPSN \u2013 Ecole Professionnelle sup\u00e9rieure de Naturopathie<\/a> <\/strong>\u00e0 1066 Epalinges \/ VD<\/p>\n\n\n\n<ul class=\"wp-block-list\"><li>Ecole accr\u00e9dit\u00e9e depuis 2021 par l\u2019OrTra M\u00e9decine Alternative MA pour la formation des Naturopathes avec dipl\u00f4me f\u00e9d\u00e9ral en M\u00e9decine Ayurv\u00e9dique<\/li><\/ul>\n","protected":false},"excerpt":{"rendered":"<p>Suisse al\u00e9manique : Europ\u00e4ische Akademie f\u00fcr Ayurveda in Kooperation en coop\u00e9ration avec&nbsp; Heilpraktikerschule Luzern en 6030 Ebikon \/ LU Ecole accr\u00e9dit\u00e9e depuis 2018 par l\u2019OrTra Th\u00e9rapie Compl\u00e9mentaire TC pour la formation de Th\u00e9rapeute Compl\u00e9mentaire avec dipl\u00f4me f\u00e9d\u00e9ral en Ayurv\u00e9da Th\u00e9rapie. Ecole accr\u00e9dit\u00e9e depuis 2018 par l\u2019OrTra M\u00e9decine Alternative MA pour la formation de Naturopathe avec [&hellip;]<\/p>\n","protected":false},"author":1,"featured_media":0,"parent":0,"menu_order":0,"comment_status":"closed","ping_status":"closed","template":"","meta":{"ocean_post_layout":"","ocean_both_sidebars_style":"","ocean_both_sidebars_content_width":0,"ocean_both_sidebars_sidebars_width":0,"ocean_sidebar":"0","ocean_second_sidebar":"0","ocean_disable_margins":"enable","ocean_add_body_class":"","ocean_shortcode_before_top_bar":"","ocean_shortcode_after_top_bar":"","ocean_shortcode_before_header":"","ocean_shortcode_after_header":"","ocean_has_shortcode":"","ocean_shortcode_after_title":"","ocean_shortcode_before_footer_widgets":"","ocean_shortcode_after_footer_widgets":"","ocean_shortcode_before_footer_bottom":"","ocean_shortcode_after_footer_bottom":"","ocean_display_top_bar":"default","ocean_display_header":"default","ocean_header_style":"","ocean_center_header_left_menu":"0","ocean_custom_header_template":"0","ocean_custom_logo":0,"ocean_custom_retina_logo":0,"ocean_custom_logo_max_width":0,"ocean_custom_logo_tablet_max_width":0,"ocean_custom_logo_mobile_max_width":0,"ocean_custom_logo_max_height":0,"ocean_custom_logo_tablet_max_height":0,"ocean_custom_logo_mobile_max_height":0,"ocean_header_custom_menu":"0","ocean_menu_typo_font_family":"0","ocean_menu_typo_font_subset":"","ocean_menu_typo_font_size":0,"ocean_menu_typo_font_size_tablet":0,"ocean_menu_typo_font_size_mobile":0,"ocean_menu_typo_font_size_unit":"px","ocean_menu_typo_font_weight":"","ocean_menu_typo_font_weight_tablet":"","ocean_menu_typo_font_weight_mobile":"","ocean_menu_typo_transform":"","ocean_menu_typo_transform_tablet":"","ocean_menu_typo_transform_mobile":"","ocean_menu_typo_line_height":0,"ocean_menu_typo_line_height_tablet":0,"ocean_menu_typo_line_height_mobile":0,"ocean_menu_typo_line_height_unit":"","ocean_menu_typo_spacing":0,"ocean_menu_typo_spacing_tablet":0,"ocean_menu_typo_spacing_mobile":0,"ocean_menu_typo_spacing_unit":"","ocean_menu_link_color":"","ocean_menu_link_color_hover":"","ocean_menu_link_color_active":"","ocean_menu_link_background":"","ocean_menu_link_hover_background":"","ocean_menu_link_active_background":"","ocean_menu_social_links_bg":"","ocean_menu_social_hover_links_bg":"","ocean_menu_social_links_color":"","ocean_menu_social_hover_links_color":"","ocean_disable_title":"default","ocean_disable_heading":"default","ocean_post_title":"","ocean_post_subheading":"","ocean_post_title_style":"","ocean_post_title_background_color":"","ocean_post_title_background":0,"ocean_post_title_bg_image_position":"","ocean_post_title_bg_image_attachment":"","ocean_post_title_bg_image_repeat":"","ocean_post_title_bg_image_size":"","ocean_post_title_height":0,"ocean_post_title_bg_overlay":0.5,"ocean_post_title_bg_overlay_color":"","ocean_disable_breadcrumbs":"default","ocean_breadcrumbs_color":"","ocean_breadcrumbs_separator_color":"","ocean_breadcrumbs_links_color":"","ocean_breadcrumbs_links_hover_color":"","ocean_display_footer_widgets":"default","ocean_display_footer_bottom":"default","ocean_custom_footer_template":"0","footnotes":""},"class_list":["post-19","page","type-page","status-publish","hentry","entry"],"_links":{"self":[{"href":"https:\/\/to-ayurveda.ch\/fr\/wp-json\/wp\/v2\/pages\/19","targetHints":{"allow":["GET"]}}],"collection":[{"href":"https:\/\/to-ayurveda.ch\/fr\/wp-json\/wp\/v2\/pages"}],"about":[{"href":"https:\/\/to-ayurveda.ch\/fr\/wp-json\/wp\/v2\/types\/page"}],"author":[{"embeddable":true,"href":"https:\/\/to-ayurveda.ch\/fr\/wp-json\/wp\/v2\/users\/1"}],"replies":[{"embeddable":true,"href":"https:\/\/to-ayurveda.ch\/fr\/wp-json\/wp\/v2\/comments?post=19"}],"version-history":[{"count":16,"href":"https:\/\/to-ayurveda.ch\/fr\/wp-json\/wp\/v2\/pages\/19\/revisions"}],"predecessor-version":[{"id":515,"href":"https:\/\/to-ayurveda.ch\/fr\/wp-json\/wp\/v2\/pages\/19\/revisions\/515"}],"wp:attachment":[{"href":"https:\/\/to-ayurveda.ch\/fr\/wp-json\/wp\/v2\/media?parent=19"}],"curies":[{"name":"wp","href":"https:\/\/api.w.org\/{rel}","templated":true}]}}