{"id":15,"date":"2019-12-29T18:06:30","date_gmt":"2019-12-29T18:06:30","guid":{"rendered":"http:\/\/to-ayurveda.ch\/fr\/?page_id=15"},"modified":"2020-03-05T12:03:35","modified_gmt":"2020-03-05T12:03:35","slug":"aufgaben","status":"publish","type":"page","link":"https:\/\/to-ayurveda.ch\/fr\/aufgaben\/","title":{"rendered":"Missions de l\u2019OF Ayurv\u00e9da CH"},"content":{"rendered":"\n<ul class=\"wp-block-list\"><li>Faire activement conna\u00eetre l&rsquo;Ayurv\u00e9da en tant que syst\u00e8me m\u00e9dical<\/li><li>Coop\u00e9ration nationale et internationale dans le domaine de la m\u00e9decine compl\u00e9mentaire et int\u00e9grative<\/li><li>Point de contact pour les institutions et les personnes int\u00e9ress\u00e9es par toutes les questions relatives au travail th\u00e9rapeutique en Ayurv\u00e9da (centre de collecte et de triage de documents)<\/li><li>Relations publiques par le biais de publications et d&rsquo;\u00e9v\u00e9nements<\/li><li>Poursuite du d\u00e9veloppement de la compr\u00e9hension professionnelle commune dans la r\u00e8glementation et la pratique des deux professions de l&rsquo;Ayurv\u00e9da avec dipl\u00f4me f\u00e9d\u00e9ral<\/li><li>Responsable de l&rsquo;examen final annuel du module en M\u00e9decine Ayurv\u00e9dique pour les futurs Naturopathes avec dipl\u00f4me f\u00e9d\u00e9ral en M\u00e9decine Ayurv\u00e9dique (mandat de prestation obligatoire avec l&rsquo;OrTra MA) <\/li><\/ul>\n","protected":false},"excerpt":{"rendered":"<p>Faire activement conna\u00eetre l&rsquo;Ayurv\u00e9da en tant que syst\u00e8me m\u00e9dical Coop\u00e9ration nationale et internationale dans le domaine de la m\u00e9decine compl\u00e9mentaire et int\u00e9grative Point de contact pour les institutions et les personnes int\u00e9ress\u00e9es par toutes les questions relatives au travail th\u00e9rapeutique en Ayurv\u00e9da (centre de collecte et de triage de documents) Relations publiques par le biais [&hellip;]<\/p>\n","protected":false},"author":1,"featured_media":0,"parent":0,"menu_order":0,"comment_status":"closed","ping_status":"closed","template":"","meta":{"ocean_post_layout":"","ocean_both_sidebars_style":"","ocean_both_sidebars_content_width":0,"ocean_both_sidebars_sidebars_width":0,"ocean_sidebar":"0","ocean_second_sidebar":"0","ocean_disable_margins":"enable","ocean_add_body_class":"","ocean_shortcode_before_top_bar":"","ocean_shortcode_after_top_bar":"","ocean_shortcode_before_header":"","ocean_shortcode_after_header":"","ocean_has_shortcode":"","ocean_shortcode_after_title":"","ocean_shortcode_before_footer_widgets":"","ocean_shortcode_after_footer_widgets":"","ocean_shortcode_before_footer_bottom":"","ocean_shortcode_after_footer_bottom":"","ocean_display_top_bar":"default","ocean_display_header":"default","ocean_header_style":"","ocean_center_header_left_menu":"0","ocean_custom_header_template":"0","ocean_custom_logo":0,"ocean_custom_retina_logo":0,"ocean_custom_logo_max_width":0,"ocean_custom_logo_tablet_max_width":0,"ocean_custom_logo_mobile_max_width":0,"ocean_custom_logo_max_height":0,"ocean_custom_logo_tablet_max_height":0,"ocean_custom_logo_mobile_max_height":0,"ocean_header_custom_menu":"0","ocean_menu_typo_font_family":"0","ocean_menu_typo_font_subset":"","ocean_menu_typo_font_size":0,"ocean_menu_typo_font_size_tablet":0,"ocean_menu_typo_font_size_mobile":0,"ocean_menu_typo_font_size_unit":"px","ocean_menu_typo_font_weight":"","ocean_menu_typo_font_weight_tablet":"","ocean_menu_typo_font_weight_mobile":"","ocean_menu_typo_transform":"","ocean_menu_typo_transform_tablet":"","ocean_menu_typo_transform_mobile":"","ocean_menu_typo_line_height":0,"ocean_menu_typo_line_height_tablet":0,"ocean_menu_typo_line_height_mobile":0,"ocean_menu_typo_line_height_unit":"","ocean_menu_typo_spacing":0,"ocean_menu_typo_spacing_tablet":0,"ocean_menu_typo_spacing_mobile":0,"ocean_menu_typo_spacing_unit":"","ocean_menu_link_color":"","ocean_menu_link_color_hover":"","ocean_menu_link_color_active":"","ocean_menu_link_background":"","ocean_menu_link_hover_background":"","ocean_menu_link_active_background":"","ocean_menu_social_links_bg":"","ocean_menu_social_hover_links_bg":"","ocean_menu_social_links_color":"","ocean_menu_social_hover_links_color":"","ocean_disable_title":"default","ocean_disable_heading":"default","ocean_post_title":"","ocean_post_subheading":"","ocean_post_title_style":"","ocean_post_title_background_color":"","ocean_post_title_background":0,"ocean_post_title_bg_image_position":"","ocean_post_title_bg_image_attachment":"","ocean_post_title_bg_image_repeat":"","ocean_post_title_bg_image_size":"","ocean_post_title_height":0,"ocean_post_title_bg_overlay":0.5,"ocean_post_title_bg_overlay_color":"","ocean_disable_breadcrumbs":"default","ocean_breadcrumbs_color":"","ocean_breadcrumbs_separator_color":"","ocean_breadcrumbs_links_color":"","ocean_breadcrumbs_links_hover_color":"","ocean_display_footer_widgets":"default","ocean_display_footer_bottom":"default","ocean_custom_footer_template":"0","footnotes":""},"class_list":["post-15","page","type-page","status-publish","hentry","entry"],"_links":{"self":[{"href":"https:\/\/to-ayurveda.ch\/fr\/wp-json\/wp\/v2\/pages\/15","targetHints":{"allow":["GET"]}}],"collection":[{"href":"https:\/\/to-ayurveda.ch\/fr\/wp-json\/wp\/v2\/pages"}],"about":[{"href":"https:\/\/to-ayurveda.ch\/fr\/wp-json\/wp\/v2\/types\/page"}],"author":[{"embeddable":true,"href":"https:\/\/to-ayurveda.ch\/fr\/wp-json\/wp\/v2\/users\/1"}],"replies":[{"embeddable":true,"href":"https:\/\/to-ayurveda.ch\/fr\/wp-json\/wp\/v2\/comments?post=15"}],"version-history":[{"count":5,"href":"https:\/\/to-ayurveda.ch\/fr\/wp-json\/wp\/v2\/pages\/15\/revisions"}],"predecessor-version":[{"id":356,"href":"https:\/\/to-ayurveda.ch\/fr\/wp-json\/wp\/v2\/pages\/15\/revisions\/356"}],"wp:attachment":[{"href":"https:\/\/to-ayurveda.ch\/fr\/wp-json\/wp\/v2\/media?parent=15"}],"curies":[{"name":"wp","href":"https:\/\/api.w.org\/{rel}","templated":true}]}}