{"id":13,"date":"2019-12-29T18:06:15","date_gmt":"2019-12-29T18:06:15","guid":{"rendered":"http:\/\/to-ayurveda.ch\/fr\/?page_id=13"},"modified":"2025-07-07T09:53:52","modified_gmt":"2025-07-07T09:53:52","slug":"comite-et-organisation","status":"publish","type":"page","link":"https:\/\/to-ayurveda.ch\/fr\/comite-et-organisation\/","title":{"rendered":"Le Comit\u00e9 Directeur de l&rsquo;OF Ayurveda CH"},"content":{"rendered":"\n<figure class=\"wp-block-image size-large is-resized\"><img loading=\"lazy\" decoding=\"async\" width=\"700\" height=\"700\" src=\"https:\/\/to-ayurveda.ch\/fr\/wp-content\/uploads\/sites\/3\/2020\/03\/franz-rutz.jpg\" alt=\"\" class=\"wp-image-316\" style=\"width:175px;height:175px\" srcset=\"https:\/\/to-ayurveda.ch\/fr\/wp-content\/uploads\/sites\/3\/2020\/03\/franz-rutz.jpg 700w, https:\/\/to-ayurveda.ch\/fr\/wp-content\/uploads\/sites\/3\/2020\/03\/franz-rutz-300x300.jpg 300w, https:\/\/to-ayurveda.ch\/fr\/wp-content\/uploads\/sites\/3\/2020\/03\/franz-rutz-150x150.jpg 150w\" sizes=\"auto, (max-width: 700px) 100vw, 700px\" \/><\/figure>\n\n\n\n<h3 class=\"wp-block-heading\"><strong>Franz Rutz<\/strong><\/h3>\n\n\n\n<p><strong>Pr\u00e9sident<\/strong><\/p>\n\n\n\n<p>Membre de la Commission d&rsquo;Examen<\/p>\n\n\n\n<p>Naturopathe avec dipl\u00f4me f\u00e9d\u00e9ral en M\u00e9decine Ayurv\u00e9dique<\/p>\n\n\n\n<p>Conseiller-Expert en Ayurv\u00e9da aupr\u00e8s de l\u2019OMS<\/p>\n\n\n\n<p>Propri\u00e9taire Veda Center 8050 Z\u00fcrich et MAP Veda Haus 6026 Rain LU <\/p>\n\n\n\n<p><\/p>\n\n\n\n<figure class=\"wp-block-image size-full is-resized\"><img loading=\"lazy\" decoding=\"async\" width=\"368\" height=\"320\" src=\"https:\/\/to-ayurveda.ch\/fr\/wp-content\/uploads\/sites\/3\/2025\/06\/grafik.png\" alt=\"\" class=\"wp-image-553\" style=\"width:240px;height:auto\" srcset=\"https:\/\/to-ayurveda.ch\/fr\/wp-content\/uploads\/sites\/3\/2025\/06\/grafik.png 368w, https:\/\/to-ayurveda.ch\/fr\/wp-content\/uploads\/sites\/3\/2025\/06\/grafik-300x261.png 300w\" sizes=\"auto, (max-width: 368px) 100vw, 368px\" \/><\/figure>\n\n\n\n<h2 class=\"wp-block-heading\">Susanne Fabjan<\/h2>\n\n\n\n<p>Doctorat en gestion internat. Management HSG<\/p>\n\n\n\n<p>Certificat OdA AM, en voie de devenir NHP avec dipl\u00f4me f\u00e9d\u00e9ral en m\u00e9decine ayurv\u00e9dique<\/p>\n\n\n\n<p>Membre du comit\u00e9 directeur de l&rsquo;Association Suisse de M\u00e9decine Ayurv\u00e9dique ASMA<\/p>\n\n\n\n<p>Propri\u00e9taire g\u00e9rante de VEDAYANA GmbH, Teufen AR<\/p>\n\n\n\n<div style=\"height:40px\" aria-hidden=\"true\" class=\"wp-block-spacer\"><\/div>\n\n\n\n<figure class=\"wp-block-image size-large is-resized\"><img loading=\"lazy\" decoding=\"async\" width=\"230\" height=\"271\" src=\"https:\/\/to-ayurveda.ch\/fr\/wp-content\/uploads\/sites\/3\/2020\/03\/andreas-amacher.jpg\" alt=\"\" class=\"wp-image-336\" style=\"width:188px\" \/><\/figure>\n\n\n\n<h2 class=\"wp-block-heading\">Andreas Amacher<\/h2>\n\n\n\n<p>Finances; membre de la Commission d\u2019Examen<\/p>\n\n\n\n<p>Conseil d\u2019administration et anciennement CEO d\u2019AyurV\u00e9da S.A., 6026 Rain LU<\/p>\n\n\n\n<p><\/p>\n\n\n\n<figure class=\"wp-block-image size-large is-resized\"><img loading=\"lazy\" decoding=\"async\" width=\"683\" height=\"1024\" src=\"https:\/\/to-ayurveda.ch\/fr\/wp-content\/uploads\/sites\/3\/2022\/06\/Monika-Lichtsteiner-683x1024.jpeg\" alt=\"\" class=\"wp-image-446\" style=\"width:198px;height:297px\" srcset=\"https:\/\/to-ayurveda.ch\/fr\/wp-content\/uploads\/sites\/3\/2022\/06\/Monika-Lichtsteiner-683x1024.jpeg 683w, https:\/\/to-ayurveda.ch\/fr\/wp-content\/uploads\/sites\/3\/2022\/06\/Monika-Lichtsteiner-200x300.jpeg 200w, https:\/\/to-ayurveda.ch\/fr\/wp-content\/uploads\/sites\/3\/2022\/06\/Monika-Lichtsteiner-768x1151.jpeg 768w, https:\/\/to-ayurveda.ch\/fr\/wp-content\/uploads\/sites\/3\/2022\/06\/Monika-Lichtsteiner.jpeg 854w\" sizes=\"auto, (max-width: 683px) 100vw, 683px\" \/><\/figure>\n\n\n\n<h2 class=\"wp-block-heading\">Monika Lichtsteiner<\/h2>\n\n\n\n<p>Th\u00e9rapeute compl\u00e9mentaire avec dipl\u00f4me f\u00e9d\u00e9ral en th\u00e9rapie ayurv\u00e9dique<\/p>\n\n\n\n<p>Superviseur OdA KT<\/p>\n\n\n\n<p>Membre du comit\u00e9 de l&rsquo;ASMT<\/p>\n\n\n\n<div style=\"height:40px\" aria-hidden=\"true\" class=\"wp-block-spacer\"><\/div>\n\n\n\n<h2 class=\"wp-block-heading\">Organisation TO Ayurveda CH<\/h2>\n\n\n\n<div style=\"height:20px\" aria-hidden=\"true\" class=\"wp-block-spacer\"><\/div>\n\n\n\n<figure class=\"wp-block-image size-full is-resized\"><img loading=\"lazy\" decoding=\"async\" width=\"1000\" height=\"684\" src=\"https:\/\/to-ayurveda.ch\/fr\/wp-content\/uploads\/sites\/3\/2023\/01\/to-diagram-fr.jpg\" alt=\"\" class=\"wp-image-471\" style=\"width:600px;height:513px\" srcset=\"https:\/\/to-ayurveda.ch\/fr\/wp-content\/uploads\/sites\/3\/2023\/01\/to-diagram-fr.jpg 1000w, https:\/\/to-ayurveda.ch\/fr\/wp-content\/uploads\/sites\/3\/2023\/01\/to-diagram-fr-300x205.jpg 300w, https:\/\/to-ayurveda.ch\/fr\/wp-content\/uploads\/sites\/3\/2023\/01\/to-diagram-fr-768x525.jpg 768w\" sizes=\"auto, (max-width: 1000px) 100vw, 1000px\" \/><\/figure>\n","protected":false},"excerpt":{"rendered":"<p>Franz Rutz Pr\u00e9sident Membre de la Commission d&rsquo;Examen Naturopathe avec dipl\u00f4me f\u00e9d\u00e9ral en M\u00e9decine Ayurv\u00e9dique Conseiller-Expert en Ayurv\u00e9da aupr\u00e8s de l\u2019OMS Propri\u00e9taire Veda Center 8050 Z\u00fcrich et MAP Veda Haus 6026 Rain LU Susanne Fabjan Doctorat en gestion internat. Management HSG Certificat OdA AM, en voie de devenir NHP avec dipl\u00f4me f\u00e9d\u00e9ral en m\u00e9decine ayurv\u00e9dique [&hellip;]<\/p>\n","protected":false},"author":1,"featured_media":0,"parent":0,"menu_order":0,"comment_status":"closed","ping_status":"closed","template":"","meta":{"ocean_post_layout":"","ocean_both_sidebars_style":"","ocean_both_sidebars_content_width":0,"ocean_both_sidebars_sidebars_width":0,"ocean_sidebar":"0","ocean_second_sidebar":"0","ocean_disable_margins":"enable","ocean_add_body_class":"","ocean_shortcode_before_top_bar":"","ocean_shortcode_after_top_bar":"","ocean_shortcode_before_header":"","ocean_shortcode_after_header":"","ocean_has_shortcode":"","ocean_shortcode_after_title":"","ocean_shortcode_before_footer_widgets":"","ocean_shortcode_after_footer_widgets":"","ocean_shortcode_before_footer_bottom":"","ocean_shortcode_after_footer_bottom":"","ocean_display_top_bar":"default","ocean_display_header":"default","ocean_header_style":"","ocean_center_header_left_menu":"0","ocean_custom_header_template":"0","ocean_custom_logo":0,"ocean_custom_retina_logo":0,"ocean_custom_logo_max_width":0,"ocean_custom_logo_tablet_max_width":0,"ocean_custom_logo_mobile_max_width":0,"ocean_custom_logo_max_height":0,"ocean_custom_logo_tablet_max_height":0,"ocean_custom_logo_mobile_max_height":0,"ocean_header_custom_menu":"0","ocean_menu_typo_font_family":"0","ocean_menu_typo_font_subset":"","ocean_menu_typo_font_size":0,"ocean_menu_typo_font_size_tablet":0,"ocean_menu_typo_font_size_mobile":0,"ocean_menu_typo_font_size_unit":"px","ocean_menu_typo_font_weight":"","ocean_menu_typo_font_weight_tablet":"","ocean_menu_typo_font_weight_mobile":"","ocean_menu_typo_transform":"","ocean_menu_typo_transform_tablet":"","ocean_menu_typo_transform_mobile":"","ocean_menu_typo_line_height":0,"ocean_menu_typo_line_height_tablet":0,"ocean_menu_typo_line_height_mobile":0,"ocean_menu_typo_line_height_unit":"","ocean_menu_typo_spacing":0,"ocean_menu_typo_spacing_tablet":0,"ocean_menu_typo_spacing_mobile":0,"ocean_menu_typo_spacing_unit":"","ocean_menu_link_color":"","ocean_menu_link_color_hover":"","ocean_menu_link_color_active":"","ocean_menu_link_background":"","ocean_menu_link_hover_background":"","ocean_menu_link_active_background":"","ocean_menu_social_links_bg":"","ocean_menu_social_hover_links_bg":"","ocean_menu_social_links_color":"","ocean_menu_social_hover_links_color":"","ocean_disable_title":"default","ocean_disable_heading":"default","ocean_post_title":"","ocean_post_subheading":"","ocean_post_title_style":"","ocean_post_title_background_color":"","ocean_post_title_background":0,"ocean_post_title_bg_image_position":"","ocean_post_title_bg_image_attachment":"","ocean_post_title_bg_image_repeat":"","ocean_post_title_bg_image_size":"","ocean_post_title_height":0,"ocean_post_title_bg_overlay":0.5,"ocean_post_title_bg_overlay_color":"","ocean_disable_breadcrumbs":"default","ocean_breadcrumbs_color":"","ocean_breadcrumbs_separator_color":"","ocean_breadcrumbs_links_color":"","ocean_breadcrumbs_links_hover_color":"","ocean_display_footer_widgets":"default","ocean_display_footer_bottom":"default","ocean_custom_footer_template":"0","footnotes":""},"class_list":["post-13","page","type-page","status-publish","hentry","entry"],"_links":{"self":[{"href":"https:\/\/to-ayurveda.ch\/fr\/wp-json\/wp\/v2\/pages\/13","targetHints":{"allow":["GET"]}}],"collection":[{"href":"https:\/\/to-ayurveda.ch\/fr\/wp-json\/wp\/v2\/pages"}],"about":[{"href":"https:\/\/to-ayurveda.ch\/fr\/wp-json\/wp\/v2\/types\/page"}],"author":[{"embeddable":true,"href":"https:\/\/to-ayurveda.ch\/fr\/wp-json\/wp\/v2\/users\/1"}],"replies":[{"embeddable":true,"href":"https:\/\/to-ayurveda.ch\/fr\/wp-json\/wp\/v2\/comments?post=13"}],"version-history":[{"count":32,"href":"https:\/\/to-ayurveda.ch\/fr\/wp-json\/wp\/v2\/pages\/13\/revisions"}],"predecessor-version":[{"id":564,"href":"https:\/\/to-ayurveda.ch\/fr\/wp-json\/wp\/v2\/pages\/13\/revisions\/564"}],"wp:attachment":[{"href":"https:\/\/to-ayurveda.ch\/fr\/wp-json\/wp\/v2\/media?parent=13"}],"curies":[{"name":"wp","href":"https:\/\/api.w.org\/{rel}","templated":true}]}}