{"id":11,"date":"2019-12-29T18:05:59","date_gmt":"2019-12-29T18:05:59","guid":{"rendered":"http:\/\/to-ayurveda.ch\/fr\/?page_id=11"},"modified":"2023-12-07T16:17:49","modified_gmt":"2023-12-07T16:17:49","slug":"to-ayurveda-ch","status":"publish","type":"page","link":"https:\/\/to-ayurveda.ch\/fr\/to-ayurveda-ch\/","title":{"rendered":"L&rsquo; OF M\u00e9decine Ayurv\u00e9dique"},"content":{"rendered":"\n<p>Sous le nom de l&rsquo;OF Ayurv\u00e9da CH, il existe une association \u00e0 but non lucratif, politiquement et confessionnellement ind\u00e9pendante au sens des articles 60 et suivants du CC. L&rsquo;association a son si\u00e8ge au lieu du bureau<\/p>\n\n\n\n<p><strong>L\u2019OF <\/strong>M\u00e9decine Ayurv\u00e9dique<strong> a comme objectif principal :<\/strong><\/p>\n\n\n\n<ul class=\"wp-block-list\"><li>La repr\u00e9sentation et la promotion de la M\u00e9decine Ayurv\u00e9dique en Suisse<\/li><li>La r\u00e9glementation de professions ind\u00e9pendantes, compl\u00e8tes et d\u00e9veloppables: la discipline de la M\u00e9decine Ayurv\u00e9dique<ul><li>comme base d&rsquo;une compr\u00e9hension commune de la profession<\/li><\/ul><ul><li>pour la formation professionnelle<\/li><\/ul><ul><li>pour le transfert de connaissances aux experts et au grand public par le biais de publications et de manifestations \u200b<\/li><\/ul><\/li><\/ul>\n\n\n\n<p>L&rsquo; OF M\u00e9decine Ayurv\u00e9dique vise en particulier :<\/p>\n\n\n\n<ol class=\"wp-block-list\"><li>le positionnement de la M\u00e9decine Ayurv\u00e9dique en Suisse,<\/li><li>la repr\u00e9sentation de la m\u00e9decine ayurv\u00e9dique dans le r\u00e9glementation professionnelle dans le projet de la r\u00e9glementation professionnelle<\/li><li>la repr\u00e9sentation du syst\u00e8me m\u00e9dical ayurv\u00e9dique en tant qu\u2018interlocuteur principal aupr\u00e8s des \u00e9coles, des associations et des parties int\u00e9ress\u00e9es.<\/li><\/ol>\n\n\n\n<p>L&rsquo; OF M\u00e9decine Ayurv\u00e9dique<\/p>\n\n\n\n<p> travaille en \u00e9change \u00e9troit avec les prestataires des deux professions de la m\u00e9decine compl\u00e9mentaire, l&rsquo;OrTra Th\u00e9rapies Compl\u00e9mentaires TC et l\u2019OrTra M\u00e9decine Alternative MA, supervis\u00e9s par le Secr\u00e9tariat d&rsquo;\u00c9tat \u00e0 la Formation, \u00e0 la Recherche et \u00e0 l\u2019Innovation SEFRI.<\/p>\n\n\n\n<p>L\u2019 OF M\u00e9decine Ayurv\u00e9dique est \u00e9galement en r\u00e9seau international, notamment avec l&rsquo;Organisation mondiale de la Sant\u00e9 (OMS). Les membres du Conseil d&rsquo;administration d\u2019Ayurv\u00e9da CH y ont \u00e9t\u00e9 nomm\u00e9s pour une affectation internationale en tant qu&rsquo;experts-conseils en Ayurv\u00e9da. <\/p>\n\n\n\n<p><strong>Adresse de Contact:<\/strong><br>OF M\u00e9decine Ayurv\u00e9dique<br>Franz Rutz<br>c\/o Veda Center<br>Dialogweg 2<br>8050 Zurich<br>+41 (0)44 260 44 70<br>info@to-ayurveda.ch<\/p>\n","protected":false},"excerpt":{"rendered":"<p>Sous le nom de l&rsquo;OF Ayurv\u00e9da CH, il existe une association \u00e0 but non lucratif, politiquement et confessionnellement ind\u00e9pendante au sens des articles 60 et suivants du CC. L&rsquo;association a son si\u00e8ge au lieu du bureau L\u2019OF M\u00e9decine Ayurv\u00e9dique a comme objectif principal : La repr\u00e9sentation et la promotion de la M\u00e9decine Ayurv\u00e9dique en Suisse [&hellip;]<\/p>\n","protected":false},"author":1,"featured_media":0,"parent":0,"menu_order":0,"comment_status":"closed","ping_status":"closed","template":"","meta":{"ocean_post_layout":"","ocean_both_sidebars_style":"","ocean_both_sidebars_content_width":0,"ocean_both_sidebars_sidebars_width":0,"ocean_sidebar":"0","ocean_second_sidebar":"0","ocean_disable_margins":"enable","ocean_add_body_class":"","ocean_shortcode_before_top_bar":"","ocean_shortcode_after_top_bar":"","ocean_shortcode_before_header":"","ocean_shortcode_after_header":"","ocean_has_shortcode":"","ocean_shortcode_after_title":"","ocean_shortcode_before_footer_widgets":"","ocean_shortcode_after_footer_widgets":"","ocean_shortcode_before_footer_bottom":"","ocean_shortcode_after_footer_bottom":"","ocean_display_top_bar":"default","ocean_display_header":"default","ocean_header_style":"","ocean_center_header_left_menu":"0","ocean_custom_header_template":"0","ocean_custom_logo":0,"ocean_custom_retina_logo":0,"ocean_custom_logo_max_width":0,"ocean_custom_logo_tablet_max_width":0,"ocean_custom_logo_mobile_max_width":0,"ocean_custom_logo_max_height":0,"ocean_custom_logo_tablet_max_height":0,"ocean_custom_logo_mobile_max_height":0,"ocean_header_custom_menu":"0","ocean_menu_typo_font_family":"0","ocean_menu_typo_font_subset":"","ocean_menu_typo_font_size":0,"ocean_menu_typo_font_size_tablet":0,"ocean_menu_typo_font_size_mobile":0,"ocean_menu_typo_font_size_unit":"px","ocean_menu_typo_font_weight":"","ocean_menu_typo_font_weight_tablet":"","ocean_menu_typo_font_weight_mobile":"","ocean_menu_typo_transform":"","ocean_menu_typo_transform_tablet":"","ocean_menu_typo_transform_mobile":"","ocean_menu_typo_line_height":0,"ocean_menu_typo_line_height_tablet":0,"ocean_menu_typo_line_height_mobile":0,"ocean_menu_typo_line_height_unit":"","ocean_menu_typo_spacing":0,"ocean_menu_typo_spacing_tablet":0,"ocean_menu_typo_spacing_mobile":0,"ocean_menu_typo_spacing_unit":"","ocean_menu_link_color":"","ocean_menu_link_color_hover":"","ocean_menu_link_color_active":"","ocean_menu_link_background":"","ocean_menu_link_hover_background":"","ocean_menu_link_active_background":"","ocean_menu_social_links_bg":"","ocean_menu_social_hover_links_bg":"","ocean_menu_social_links_color":"","ocean_menu_social_hover_links_color":"","ocean_disable_title":"default","ocean_disable_heading":"default","ocean_post_title":"","ocean_post_subheading":"","ocean_post_title_style":"","ocean_post_title_background_color":"","ocean_post_title_background":0,"ocean_post_title_bg_image_position":"","ocean_post_title_bg_image_attachment":"","ocean_post_title_bg_image_repeat":"","ocean_post_title_bg_image_size":"","ocean_post_title_height":0,"ocean_post_title_bg_overlay":0.5,"ocean_post_title_bg_overlay_color":"","ocean_disable_breadcrumbs":"default","ocean_breadcrumbs_color":"","ocean_breadcrumbs_separator_color":"","ocean_breadcrumbs_links_color":"","ocean_breadcrumbs_links_hover_color":"","ocean_display_footer_widgets":"default","ocean_display_footer_bottom":"default","ocean_custom_footer_template":"0","footnotes":""},"class_list":["post-11","page","type-page","status-publish","hentry","entry"],"_links":{"self":[{"href":"https:\/\/to-ayurveda.ch\/fr\/wp-json\/wp\/v2\/pages\/11","targetHints":{"allow":["GET"]}}],"collection":[{"href":"https:\/\/to-ayurveda.ch\/fr\/wp-json\/wp\/v2\/pages"}],"about":[{"href":"https:\/\/to-ayurveda.ch\/fr\/wp-json\/wp\/v2\/types\/page"}],"author":[{"embeddable":true,"href":"https:\/\/to-ayurveda.ch\/fr\/wp-json\/wp\/v2\/users\/1"}],"replies":[{"embeddable":true,"href":"https:\/\/to-ayurveda.ch\/fr\/wp-json\/wp\/v2\/comments?post=11"}],"version-history":[{"count":11,"href":"https:\/\/to-ayurveda.ch\/fr\/wp-json\/wp\/v2\/pages\/11\/revisions"}],"predecessor-version":[{"id":519,"href":"https:\/\/to-ayurveda.ch\/fr\/wp-json\/wp\/v2\/pages\/11\/revisions\/519"}],"wp:attachment":[{"href":"https:\/\/to-ayurveda.ch\/fr\/wp-json\/wp\/v2\/media?parent=11"}],"curies":[{"name":"wp","href":"https:\/\/api.w.org\/{rel}","templated":true}]}}